{"id":909,"date":"2023-08-05T15:07:48","date_gmt":"2023-08-05T13:07:48","guid":{"rendered":"https:\/\/www.molcarecords.com\/?page_id=909"},"modified":"2023-08-05T15:09:31","modified_gmt":"2023-08-05T13:09:31","slug":"cendes","status":"publish","type":"page","link":"https:\/\/www.molcarecords.com\/en\/cendes\/","title":{"rendered":"\u010cende\u0161"},"content":{"rendered":"<div data-elementor-type=\"wp-page\" data-elementor-id=\"909\" class=\"elementor elementor-909\">\n\t\t\t\t\t\t<section class=\"elementor-section elementor-top-section elementor-element elementor-element-47a30b9 elementor-section-boxed elementor-section-height-default elementor-section-height-default\" data-id=\"47a30b9\" data-element_type=\"section\" data-e-type=\"section\">\n\t\t\t\t\t\t<div class=\"elementor-container elementor-column-gap-default\">\n\t\t\t\t\t<div class=\"elementor-column elementor-col-100 elementor-top-column elementor-element elementor-element-dfb2e6f\" data-id=\"dfb2e6f\" data-element_type=\"column\" data-e-type=\"column\">\n\t\t\t<div class=\"elementor-widget-wrap elementor-element-populated\">\n\t\t\t\t\t\t<div class=\"elementor-element elementor-element-2bb8bcd elementor-widget elementor-widget-html\" data-id=\"2bb8bcd\" data-element_type=\"widget\" data-e-type=\"widget\" data-widget_type=\"html.default\">\n\t\t\t\t<div class=\"elementor-widget-container\">\n\t\t\t\t\t<img fetchpriority=\"high\" decoding=\"async\" class=\"wp-image-739 alignleft\" src=\"https:\/\/www.molcarecords.com\/wp-content\/uploads\/2023\/02\/159802704_214769693374646_6256210994853807118_n-300x300.jpg\" alt=\"\" width=\"566\" height=\"566\" srcset=\"https:\/\/www.molcarecords.com\/wp-content\/uploads\/2023\/02\/159802704_214769693374646_6256210994853807118_n-300x300.jpg 300w, https:\/\/www.molcarecords.com\/wp-content\/uploads\/2023\/02\/159802704_214769693374646_6256210994853807118_n-1024x1024.jpg 1024w, https:\/\/www.molcarecords.com\/wp-content\/uploads\/2023\/02\/159802704_214769693374646_6256210994853807118_n-150x150.jpg 150w, https:\/\/www.molcarecords.com\/wp-content\/uploads\/2023\/02\/159802704_214769693374646_6256210994853807118_n-768x768.jpg 768w, https:\/\/www.molcarecords.com\/wp-content\/uploads\/2023\/02\/159802704_214769693374646_6256210994853807118_n-1536x1536.jpg 1536w, https:\/\/www.molcarecords.com\/wp-content\/uploads\/2023\/02\/159802704_214769693374646_6256210994853807118_n.jpg 2048w, https:\/\/www.molcarecords.com\/wp-content\/uploads\/2023\/02\/159802704_214769693374646_6256210994853807118_n-1000x1000.jpg 1000w\" sizes=\"(max-width: 566px) 100vw, 566px\" \/>\n<br>\nWorld music kapela interpretuj\u00faca rus\u00ednske \u013eudov\u00e9 piesne - siln\u00e9 mu\u017esk\u00e9 a \u017eensk\u00e9 vok\u00e1ly, husle, gitara, cimbal v\u00e1m zaru\u010d\u00ed energick\u00e9 ethno\n\n\n\n&nbsp;\n\n&nbsp;\n\nZoskupenie mlad\u00fdch hudobn\u00edkov \u010cENDE\u0160 vzniklo v lete roku 2011. Hlavnou my\u0161lienkou je interpret\u00e1cia Rus\u00ednskeho folkl\u00f3ru netradi\u010dn\u00fdm sp\u00f4sobom, a preto vo svojej hudbe muzikanti sp\u00e1jaj\u00fa prvky \u013eudovej, klasickej a popul\u00e1rnej hudby, balk\u00e1nskych rytmov \u010di jazzov\u00fdch prvkov.\n\nKapela m\u00e1 na konte dva \u0161t\u00fadiov\u00e9 albumy Best of (2015) a Cossack Attack (2019), pri\u010dom druh\u00fd menovan\u00fd sa dostal do World Music Charts Europe (WMCE) a to hne\u010f do prvej p\u00e4tice najlep\u0161\u00edch albumov. Kapela m\u00e1 na svojom konte viacero videoklipov a akt\u00edvne koncertuje po celom \u00fazem\u00ed Slovenska a aj v zahrani\u010d\u00ed (Ma\u010farsko, Po\u013esko, \u010cesk\u00e1 republika, Rak\u00fasko).\n\n&nbsp;\n\n&nbsp;\n\n&nbsp;\n\n&nbsp;\n\n&nbsp;\n<br>\n<br>\n<br>\n<a style=\"background: #ff0000; padding: 15px; color: white; text-decoration: none;\" href=\"https:\/\/www.molcarecords.com\/en\/#kontakt\">Contact us<\/a>\n\n\n&nbsp;\n\n<blockquote>\u201eMali sme to \u0161tastie, \u017ee sme boli na nieko\u013ek\u00fdch koncertoch \u010cende\u0161u a po\u010duli sme aj obidva albumy. Ich nahr\u00e1vky s\u00fa brilantn\u00e9, svie\u017ee a dynamick\u00e9, no na p\u00f3diu s\u00fa e\u0161te lep\u0161\u00ed. Pam\u00e4t\u00e1me si napr\u00edklad koncert na World Music Festivale Bratislava v roku 2018. Bolo to zemetrasenie od za\u010diatku do konca: s ok\u00faz\u013euj\u00facimi hlasmi, \u010di u\u017e hlbok\u00fdm mu\u017esk\u00fdm hlasom Petra \u0160ipulu, alebo \u017eensk\u00fdm prejavom Zuzany Stra\u010dinovej, ktor\u00e1 popri tom hrala jemne a sladko na cimbal, s hektick\u00fdmi hus\u013eami a ich silnou p\u00f3diovou prezent\u00e1ciou\u2026 mohutn\u00e1 expl\u00f3zia slovenskej hudby!\u201c<\/blockquote>\n&nbsp;\n\n&nbsp;\t\t\t\t<\/div>\n\t\t\t\t<\/div>\n\t\t\t\t\t<\/div>\n\t\t<\/div>\n\t\t\t\t\t<\/div>\n\t\t<\/section>\n\t\t\t\t<\/div>","protected":false},"excerpt":{"rendered":"<p>World music kapela interpretuj\u00faca rus\u00ednske \u013eudov\u00e9 piesne &#8211; siln\u00e9 mu\u017esk\u00e9 a \u017eensk\u00e9 vok\u00e1ly, husle, gitara, cimbal v\u00e1m zaru\u010d\u00ed energick\u00e9 ethno &nbsp; &nbsp; Zoskupenie mlad\u00fdch hudobn\u00edkov \u010cENDE\u0160 vzniklo v lete roku 2011. Hlavnou my\u0161lienkou je interpret\u00e1cia Rus\u00ednskeho folkl\u00f3ru netradi\u010dn\u00fdm sp\u00f4sobom, a preto vo svojej hudbe muzikanti sp\u00e1jaj\u00fa prvky \u013eudovej, klasickej a popul\u00e1rnej hudby, balk\u00e1nskych rytmov \u010di [&hellip;]<\/p>\n","protected":false},"author":1,"featured_media":0,"parent":0,"menu_order":0,"comment_status":"closed","ping_status":"closed","template":"","meta":{"footnotes":""},"class_list":["post-909","page","type-page","status-publish","hentry"],"_links":{"self":[{"href":"https:\/\/www.molcarecords.com\/en\/wp-json\/wp\/v2\/pages\/909","targetHints":{"allow":["GET"]}}],"collection":[{"href":"https:\/\/www.molcarecords.com\/en\/wp-json\/wp\/v2\/pages"}],"about":[{"href":"https:\/\/www.molcarecords.com\/en\/wp-json\/wp\/v2\/types\/page"}],"author":[{"embeddable":true,"href":"https:\/\/www.molcarecords.com\/en\/wp-json\/wp\/v2\/users\/1"}],"replies":[{"embeddable":true,"href":"https:\/\/www.molcarecords.com\/en\/wp-json\/wp\/v2\/comments?post=909"}],"version-history":[{"count":4,"href":"https:\/\/www.molcarecords.com\/en\/wp-json\/wp\/v2\/pages\/909\/revisions"}],"predecessor-version":[{"id":913,"href":"https:\/\/www.molcarecords.com\/en\/wp-json\/wp\/v2\/pages\/909\/revisions\/913"}],"wp:attachment":[{"href":"https:\/\/www.molcarecords.com\/en\/wp-json\/wp\/v2\/media?parent=909"}],"curies":[{"name":"wp","href":"https:\/\/api.w.org\/{rel}","templated":true}]}}